{"id":701,"date":"2011-05-20T18:49:43","date_gmt":"2011-05-21T01:49:43","guid":{"rendered":"https:\/\/wpthemetestdata.wordpress.com\/?page_id=701"},"modified":"2024-09-18T21:23:09","modified_gmt":"2024-09-18T21:23:09","slug":"front-page","status":"publish","type":"page","link":"https:\/\/www.emosi.pe\/","title":{"rendered":"Te esperamos"},"content":{"rendered":"\n<h2 class=\"wp-block-heading has-text-align-center\"> Colecci\u00f3n Verano 23\/24<\/h2>\n\n\n\n<p class=\"has-text-align-center wp-block-paragraph\" style=\"font-size:18px\">Descubre las nuevas tendencias de verano e insp\u00edrate con nuestras sugerencias de regalos y emociones. <\/p>\n\n\n<div class=\"woocommerce columns-6 \"><ul class=\"products columns-6\">\n<li class=\"product type-product post-7470 status-publish first instock product_cat-amistad product_cat-tazas has-post-thumbnail shipping-taxable purchasable product-type-simple\">\n\t<div class=\"product-content\"><a href=\"https:\/\/www.emosi.pe\/?product=taza-amistad-en-las-galaxias\" class=\"woocommerce-LoopProduct-link woocommerce-loop-product__link\"><div class=\"yith-proteo-product-loop-image\"><img loading=\"lazy\" decoding=\"async\" width=\"362\" height=\"503\" src=\"https:\/\/www.emosi.pe\/wp-content\/uploads\/2023\/12\/Lderecha-Amistad-en-las-Galaxias-amigos-1-362x503.jpg\" class=\"attachment-woocommerce_thumbnail size-woocommerce_thumbnail\" alt=\"Taza amistad en las Galaxias\" \/><\/div><h2 class=\"woocommerce-loop-product__title\">Taza amistad en las Galaxias<\/h2>\n\t<span class=\"price\"><span class=\"woocommerce-Price-amount amount\"><bdi><span class=\"woocommerce-Price-currencySymbol\">S\/<\/span>&nbsp;25.00<\/bdi><\/span><\/span>\n<\/a><a href=\"\/index.php?rest_route=%2Fwp%2Fv2%2Fpages%2F701&#038;add-to-cart=7470\" aria-describedby=\"woocommerce_loop_add_to_cart_link_describedby_7470\" data-quantity=\"1\" class=\"button product_type_simple add_to_cart_button ajax_add_to_cart unstyled-button\" data-product_id=\"7470\" data-product_sku=\"100004\" aria-label=\"A\u00f1adir al carrito: &ldquo;Taza amistad en las Galaxias&rdquo;\" rel=\"nofollow\" data-success_message=\"\u00abTaza amistad en las Galaxias\u00bb se ha a\u00f1adido a tu carrito\" role=\"button\">A\u00f1adir al carrito<\/a>\t<span id=\"woocommerce_loop_add_to_cart_link_describedby_7470\" class=\"screen-reader-text\">\n\t\t\t<\/span>\n<\/div><\/li>\n<li class=\"product type-product post-7485 status-publish instock product_cat-amistad product_cat-tazas has-post-thumbnail sale shipping-taxable purchasable product-type-simple\">\n\t<div class=\"product-content\"><a href=\"https:\/\/www.emosi.pe\/?product=taza-aqui-toma-la-mejor-amiga\" class=\"woocommerce-LoopProduct-link woocommerce-loop-product__link\"><div class=\"yith-proteo-product-loop-image\">\n\t<span class=\"onsale\">\u00a1Oferta!<\/span>\n\t<img loading=\"lazy\" decoding=\"async\" width=\"362\" height=\"503\" src=\"https:\/\/www.emosi.pe\/wp-content\/uploads\/2023\/12\/Lderecha-Aqui-toma-la-mejor-amiga-362x503.jpg\" class=\"attachment-woocommerce_thumbnail size-woocommerce_thumbnail\" alt=\"Taza aqu\u00ed toma la mejor amiga\" \/><\/div><h2 class=\"woocommerce-loop-product__title\">Taza aqu\u00ed toma la mejor amiga<\/h2>\n\t<span class=\"price\"><del aria-hidden=\"true\"><span class=\"woocommerce-Price-amount amount\"><bdi><span class=\"woocommerce-Price-currencySymbol\">S\/<\/span>&nbsp;25.00<\/bdi><\/span><\/del> <span class=\"screen-reader-text\">El precio original era: S\/&nbsp;25.00.<\/span><ins aria-hidden=\"true\"><span class=\"woocommerce-Price-amount amount\"><bdi><span class=\"woocommerce-Price-currencySymbol\">S\/<\/span>&nbsp;22.50<\/bdi><\/span><\/ins><span class=\"screen-reader-text\">El precio actual es: S\/&nbsp;22.50.<\/span><\/span>\n<\/a><a href=\"\/index.php?rest_route=%2Fwp%2Fv2%2Fpages%2F701&#038;add-to-cart=7485\" aria-describedby=\"woocommerce_loop_add_to_cart_link_describedby_7485\" data-quantity=\"1\" class=\"button product_type_simple add_to_cart_button ajax_add_to_cart unstyled-button\" data-product_id=\"7485\" data-product_sku=\"100006\" aria-label=\"A\u00f1adir al carrito: &ldquo;Taza aqu\u00ed toma la mejor amiga&rdquo;\" rel=\"nofollow\" data-success_message=\"\u00abTaza aqu\u00ed toma la mejor amiga\u00bb se ha a\u00f1adido a tu carrito\" role=\"button\">A\u00f1adir al carrito<\/a>\t<span id=\"woocommerce_loop_add_to_cart_link_describedby_7485\" class=\"screen-reader-text\">\n\t\t\t<\/span>\n<\/div><\/li>\n<li class=\"product type-product post-7452 status-publish instock product_cat-amistad product_cat-tazas has-post-thumbnail shipping-taxable purchasable product-type-simple\">\n\t<div class=\"product-content\"><a href=\"https:\/\/www.emosi.pe\/?product=taza-girl-power\" class=\"woocommerce-LoopProduct-link woocommerce-loop-product__link\"><div class=\"yith-proteo-product-loop-image\"><img loading=\"lazy\" decoding=\"async\" width=\"362\" height=\"503\" src=\"https:\/\/www.emosi.pe\/wp-content\/uploads\/2023\/12\/Lderecha-Girl-Power-con-Gatita-y-Nombre-362x503.jpg\" class=\"attachment-woocommerce_thumbnail size-woocommerce_thumbnail\" alt=\"Taza Girl Power\" \/><\/div><h2 class=\"woocommerce-loop-product__title\">Taza Girl Power<\/h2>\n\t<span class=\"price\"><span class=\"woocommerce-Price-amount amount\"><bdi><span class=\"woocommerce-Price-currencySymbol\">S\/<\/span>&nbsp;25.00<\/bdi><\/span><\/span>\n<\/a><a href=\"\/index.php?rest_route=%2Fwp%2Fv2%2Fpages%2F701&#038;add-to-cart=7452\" aria-describedby=\"woocommerce_loop_add_to_cart_link_describedby_7452\" data-quantity=\"1\" class=\"button product_type_simple add_to_cart_button ajax_add_to_cart unstyled-button\" data-product_id=\"7452\" data-product_sku=\"100002\" aria-label=\"A\u00f1adir al carrito: &ldquo;Taza Girl Power&rdquo;\" rel=\"nofollow\" data-success_message=\"\u00abTaza Girl Power\u00bb se ha a\u00f1adido a tu carrito\" role=\"button\">A\u00f1adir al carrito<\/a>\t<span id=\"woocommerce_loop_add_to_cart_link_describedby_7452\" class=\"screen-reader-text\">\n\t\t\t<\/span>\n<\/div><\/li>\n<li class=\"product type-product post-7492 status-publish instock product_cat-amistad product_cat-tazas has-post-thumbnail shipping-taxable purchasable product-type-simple\">\n\t<div class=\"product-content\"><a href=\"https:\/\/www.emosi.pe\/?product=taza-mi-mejor-compania-snoopy\" class=\"woocommerce-LoopProduct-link woocommerce-loop-product__link\"><div class=\"yith-proteo-product-loop-image\"><img loading=\"lazy\" decoding=\"async\" width=\"362\" height=\"503\" src=\"https:\/\/www.emosi.pe\/wp-content\/uploads\/2023\/12\/Lderecha-Mi-mejor-compania-Snoopy-362x503.jpg\" class=\"attachment-woocommerce_thumbnail size-woocommerce_thumbnail\" alt=\"Taza mi mejor compa\u00f1\u00eda Snoopy\" \/><\/div><h2 class=\"woocommerce-loop-product__title\">Taza mi mejor compa\u00f1\u00eda Snoopy<\/h2>\n\t<span class=\"price\"><span class=\"woocommerce-Price-amount amount\"><bdi><span class=\"woocommerce-Price-currencySymbol\">S\/<\/span>&nbsp;25.00<\/bdi><\/span><\/span>\n<\/a><a href=\"\/index.php?rest_route=%2Fwp%2Fv2%2Fpages%2F701&#038;add-to-cart=7492\" aria-describedby=\"woocommerce_loop_add_to_cart_link_describedby_7492\" data-quantity=\"1\" class=\"button product_type_simple add_to_cart_button ajax_add_to_cart unstyled-button\" data-product_id=\"7492\" data-product_sku=\"100007\" aria-label=\"A\u00f1adir al carrito: &ldquo;Taza mi mejor compa\u00f1\u00eda Snoopy&rdquo;\" rel=\"nofollow\" data-success_message=\"\u00abTaza mi mejor compa\u00f1\u00eda Snoopy\u00bb se ha a\u00f1adido a tu carrito\" role=\"button\">A\u00f1adir al carrito<\/a>\t<span id=\"woocommerce_loop_add_to_cart_link_describedby_7492\" class=\"screen-reader-text\">\n\t\t\t<\/span>\n<\/div><\/li>\n<li class=\"product type-product post-7465 status-publish instock product_cat-amistad product_cat-tazas has-post-thumbnail shipping-taxable purchasable product-type-simple\">\n\t<div class=\"product-content\"><a href=\"https:\/\/www.emosi.pe\/?product=taza-no-importa-la-distancia\" class=\"woocommerce-LoopProduct-link woocommerce-loop-product__link\"><div class=\"yith-proteo-product-loop-image\"><img loading=\"lazy\" decoding=\"async\" width=\"362\" height=\"503\" src=\"https:\/\/www.emosi.pe\/wp-content\/uploads\/2023\/12\/Lderecha-No-importa-la-distancia-Amistad-362x503.jpg\" class=\"attachment-woocommerce_thumbnail size-woocommerce_thumbnail\" alt=\"Taza no importa la distancia\" \/><\/div><h2 class=\"woocommerce-loop-product__title\">Taza no importa la distancia<\/h2>\n\t<span class=\"price\"><span class=\"woocommerce-Price-amount amount\"><bdi><span class=\"woocommerce-Price-currencySymbol\">S\/<\/span>&nbsp;25.00<\/bdi><\/span><\/span>\n<\/a><a href=\"\/index.php?rest_route=%2Fwp%2Fv2%2Fpages%2F701&#038;add-to-cart=7465\" aria-describedby=\"woocommerce_loop_add_to_cart_link_describedby_7465\" data-quantity=\"1\" class=\"button product_type_simple add_to_cart_button ajax_add_to_cart unstyled-button\" data-product_id=\"7465\" data-product_sku=\"100003\" aria-label=\"A\u00f1adir al carrito: &ldquo;Taza no importa la distancia&rdquo;\" rel=\"nofollow\" data-success_message=\"\u00abTaza no importa la distancia\u00bb se ha a\u00f1adido a tu carrito\" role=\"button\">A\u00f1adir al carrito<\/a>\t<span id=\"woocommerce_loop_add_to_cart_link_describedby_7465\" class=\"screen-reader-text\">\n\t\t\t<\/span>\n<\/div><\/li>\n<li class=\"product type-product post-7447 status-publish last instock product_cat-amistad product_cat-tazas has-post-thumbnail shipping-taxable purchasable product-type-simple\">\n\t<div class=\"product-content\"><a href=\"https:\/\/www.emosi.pe\/?product=taza-para-la-mejor-amiga\" class=\"woocommerce-LoopProduct-link woocommerce-loop-product__link\"><div class=\"yith-proteo-product-loop-image\"><img loading=\"lazy\" decoding=\"async\" width=\"362\" height=\"503\" src=\"https:\/\/www.emosi.pe\/wp-content\/uploads\/2023\/12\/Lderecha-Para-la-mejor-amiga-del-mundo-tostada-y-jugo-362x503.jpg\" class=\"attachment-woocommerce_thumbnail size-woocommerce_thumbnail\" alt=\"Taza para la mejor amiga\" \/><\/div><h2 class=\"woocommerce-loop-product__title\">Taza para la mejor amiga<\/h2>\n\t<span class=\"price\"><span class=\"woocommerce-Price-amount amount\"><bdi><span class=\"woocommerce-Price-currencySymbol\">S\/<\/span>&nbsp;25.00<\/bdi><\/span><\/span>\n<\/a><a href=\"\/index.php?rest_route=%2Fwp%2Fv2%2Fpages%2F701&#038;add-to-cart=7447\" aria-describedby=\"woocommerce_loop_add_to_cart_link_describedby_7447\" data-quantity=\"1\" class=\"button product_type_simple add_to_cart_button ajax_add_to_cart unstyled-button\" data-product_id=\"7447\" data-product_sku=\"100001\" aria-label=\"A\u00f1adir al carrito: &ldquo;Taza para la mejor amiga&rdquo;\" rel=\"nofollow\" data-success_message=\"\u00abTaza para la mejor amiga\u00bb se ha a\u00f1adido a tu carrito\" role=\"button\">A\u00f1adir al carrito<\/a>\t<span id=\"woocommerce_loop_add_to_cart_link_describedby_7447\" class=\"screen-reader-text\">\n\t\t\t<\/span>\n<\/div><\/li>\n<\/ul>\n<\/div>\n\n\n\n<h2 class=\"wp-block-heading has-text-align-center\">Los mas vendidos<\/h2>\n\n\n\n<p class=\"has-text-align-center wp-block-paragraph\" style=\"font-size:18px\">Una lista de nuestros productos m\u00e1s vendidos en el \u00faltimo a\u00f1o. Puedes comprarlos todos con un descuento especial del -10%<\/p>\n\n\n\n<div class=\"wp-block-group animate-fade-up\"><div class=\"wp-block-group__inner-container is-layout-flow wp-block-group-is-layout-flow\">\n<div class=\"wp-block-yith-yith-wc-productslider animate-fade-up\"><span class=\"yith_block_8b586e42449906212dfb1d15a4b22895\">\t<div class=\"woocommerce\">\n\t\t\t\t<div class=\"ywcps-wrapper\"  data-n_items=\"4\" data-is_loop=\"false\" data-pag_speed=\"800\" data-auto_play=\"5000\" data-stop_hov=\"false\" data-show_nav=\"false\" data-is_rtl=\"false\" data-anim_in=\"fadeIn\" data-anim_out=\"fadeOut\" data-anim_speed=\"450\" data-show_dot_nav=\"false\" data-columns=\"6\" >\n\t\t   <div class=\"ywcps-slider \" style=\"visibility:hidden;\">\n\t\t   \t\t<div class=\"row\">\n\t\t   \t\t\t<ul class=\"ywcps-products products ywcps_products_slider\">\n\t\t\t\t\t\t<li class=\"product type-product post-7492 status-publish first instock product_cat-amistad product_cat-tazas has-post-thumbnail shipping-taxable purchasable product-type-simple\">\n\t<div class=\"product-content\"><a href=\"https:\/\/www.emosi.pe\/?product=taza-mi-mejor-compania-snoopy\" class=\"woocommerce-LoopProduct-link woocommerce-loop-product__link\"><div class=\"yith-proteo-product-loop-image\"><img loading=\"lazy\" decoding=\"async\" width=\"362\" height=\"503\" src=\"https:\/\/www.emosi.pe\/wp-content\/uploads\/2023\/12\/Lderecha-Mi-mejor-compania-Snoopy-362x503.jpg\" class=\"attachment-woocommerce_thumbnail size-woocommerce_thumbnail\" alt=\"Taza mi mejor compa\u00f1\u00eda Snoopy\" \/><\/div><h2 class=\"woocommerce-loop-product__title\">Taza mi mejor compa\u00f1\u00eda Snoopy<\/h2>\n\t<span class=\"price\"><span class=\"woocommerce-Price-amount amount\"><bdi><span class=\"woocommerce-Price-currencySymbol\">S\/<\/span>&nbsp;25.00<\/bdi><\/span><\/span>\n<\/a><a href=\"\/index.php?rest_route=%2Fwp%2Fv2%2Fpages%2F701&#038;add-to-cart=7492\" aria-describedby=\"woocommerce_loop_add_to_cart_link_describedby_7492\" data-quantity=\"1\" class=\"button product_type_simple add_to_cart_button ajax_add_to_cart unstyled-button\" data-product_id=\"7492\" data-product_sku=\"100007\" aria-label=\"A\u00f1adir al carrito: &ldquo;Taza mi mejor compa\u00f1\u00eda Snoopy&rdquo;\" rel=\"nofollow\" data-success_message=\"\u00abTaza mi mejor compa\u00f1\u00eda Snoopy\u00bb se ha a\u00f1adido a tu carrito\" role=\"button\">A\u00f1adir al carrito<\/a>\t<span id=\"woocommerce_loop_add_to_cart_link_describedby_7492\" class=\"screen-reader-text\">\n\t\t\t<\/span>\n<\/div><\/li>\n<li class=\"product type-product post-7485 status-publish instock product_cat-amistad product_cat-tazas has-post-thumbnail sale shipping-taxable purchasable product-type-simple\">\n\t<div class=\"product-content\"><a href=\"https:\/\/www.emosi.pe\/?product=taza-aqui-toma-la-mejor-amiga\" class=\"woocommerce-LoopProduct-link woocommerce-loop-product__link\"><div class=\"yith-proteo-product-loop-image\">\n\t<span class=\"onsale\">\u00a1Oferta!<\/span>\n\t<img loading=\"lazy\" decoding=\"async\" width=\"362\" height=\"503\" src=\"https:\/\/www.emosi.pe\/wp-content\/uploads\/2023\/12\/Lderecha-Aqui-toma-la-mejor-amiga-362x503.jpg\" class=\"attachment-woocommerce_thumbnail size-woocommerce_thumbnail\" alt=\"Taza aqu\u00ed toma la mejor amiga\" \/><\/div><h2 class=\"woocommerce-loop-product__title\">Taza aqu\u00ed toma la mejor amiga<\/h2>\n\t<span class=\"price\"><del aria-hidden=\"true\"><span class=\"woocommerce-Price-amount amount\"><bdi><span class=\"woocommerce-Price-currencySymbol\">S\/<\/span>&nbsp;25.00<\/bdi><\/span><\/del> <span class=\"screen-reader-text\">El precio original era: S\/&nbsp;25.00.<\/span><ins aria-hidden=\"true\"><span class=\"woocommerce-Price-amount amount\"><bdi><span class=\"woocommerce-Price-currencySymbol\">S\/<\/span>&nbsp;22.50<\/bdi><\/span><\/ins><span class=\"screen-reader-text\">El precio actual es: S\/&nbsp;22.50.<\/span><\/span>\n<\/a><a href=\"\/index.php?rest_route=%2Fwp%2Fv2%2Fpages%2F701&#038;add-to-cart=7485\" aria-describedby=\"woocommerce_loop_add_to_cart_link_describedby_7485\" data-quantity=\"1\" class=\"button product_type_simple add_to_cart_button ajax_add_to_cart unstyled-button\" data-product_id=\"7485\" data-product_sku=\"100006\" aria-label=\"A\u00f1adir al carrito: &ldquo;Taza aqu\u00ed toma la mejor amiga&rdquo;\" rel=\"nofollow\" data-success_message=\"\u00abTaza aqu\u00ed toma la mejor amiga\u00bb se ha a\u00f1adido a tu carrito\" role=\"button\">A\u00f1adir al carrito<\/a>\t<span id=\"woocommerce_loop_add_to_cart_link_describedby_7485\" class=\"screen-reader-text\">\n\t\t\t<\/span>\n<\/div><\/li>\n<li class=\"product type-product post-7470 status-publish instock product_cat-amistad product_cat-tazas has-post-thumbnail shipping-taxable purchasable product-type-simple\">\n\t<div class=\"product-content\"><a href=\"https:\/\/www.emosi.pe\/?product=taza-amistad-en-las-galaxias\" class=\"woocommerce-LoopProduct-link woocommerce-loop-product__link\"><div class=\"yith-proteo-product-loop-image\"><img loading=\"lazy\" decoding=\"async\" width=\"362\" height=\"503\" src=\"https:\/\/www.emosi.pe\/wp-content\/uploads\/2023\/12\/Lderecha-Amistad-en-las-Galaxias-amigos-1-362x503.jpg\" class=\"attachment-woocommerce_thumbnail size-woocommerce_thumbnail\" alt=\"Taza amistad en las Galaxias\" \/><\/div><h2 class=\"woocommerce-loop-product__title\">Taza amistad en las Galaxias<\/h2>\n\t<span class=\"price\"><span class=\"woocommerce-Price-amount amount\"><bdi><span class=\"woocommerce-Price-currencySymbol\">S\/<\/span>&nbsp;25.00<\/bdi><\/span><\/span>\n<\/a><a href=\"\/index.php?rest_route=%2Fwp%2Fv2%2Fpages%2F701&#038;add-to-cart=7470\" aria-describedby=\"woocommerce_loop_add_to_cart_link_describedby_7470\" data-quantity=\"1\" class=\"button product_type_simple add_to_cart_button ajax_add_to_cart unstyled-button\" data-product_id=\"7470\" data-product_sku=\"100004\" aria-label=\"A\u00f1adir al carrito: &ldquo;Taza amistad en las Galaxias&rdquo;\" rel=\"nofollow\" data-success_message=\"\u00abTaza amistad en las Galaxias\u00bb se ha a\u00f1adido a tu carrito\" role=\"button\">A\u00f1adir al carrito<\/a>\t<span id=\"woocommerce_loop_add_to_cart_link_describedby_7470\" class=\"screen-reader-text\">\n\t\t\t<\/span>\n<\/div><\/li>\n<li class=\"product type-product post-7465 status-publish last instock product_cat-amistad product_cat-tazas has-post-thumbnail shipping-taxable purchasable product-type-simple\">\n\t<div class=\"product-content\"><a href=\"https:\/\/www.emosi.pe\/?product=taza-no-importa-la-distancia\" class=\"woocommerce-LoopProduct-link woocommerce-loop-product__link\"><div class=\"yith-proteo-product-loop-image\"><img loading=\"lazy\" decoding=\"async\" width=\"362\" height=\"503\" src=\"https:\/\/www.emosi.pe\/wp-content\/uploads\/2023\/12\/Lderecha-No-importa-la-distancia-Amistad-362x503.jpg\" class=\"attachment-woocommerce_thumbnail size-woocommerce_thumbnail\" alt=\"Taza no importa la distancia\" \/><\/div><h2 class=\"woocommerce-loop-product__title\">Taza no importa la distancia<\/h2>\n\t<span class=\"price\"><span class=\"woocommerce-Price-amount amount\"><bdi><span class=\"woocommerce-Price-currencySymbol\">S\/<\/span>&nbsp;25.00<\/bdi><\/span><\/span>\n<\/a><a href=\"\/index.php?rest_route=%2Fwp%2Fv2%2Fpages%2F701&#038;add-to-cart=7465\" aria-describedby=\"woocommerce_loop_add_to_cart_link_describedby_7465\" data-quantity=\"1\" class=\"button product_type_simple add_to_cart_button ajax_add_to_cart unstyled-button\" data-product_id=\"7465\" data-product_sku=\"100003\" aria-label=\"A\u00f1adir al carrito: &ldquo;Taza no importa la distancia&rdquo;\" rel=\"nofollow\" data-success_message=\"\u00abTaza no importa la distancia\u00bb se ha a\u00f1adido a tu carrito\" role=\"button\">A\u00f1adir al carrito<\/a>\t<span id=\"woocommerce_loop_add_to_cart_link_describedby_7465\" class=\"screen-reader-text\">\n\t\t\t<\/span>\n<\/div><\/li>\n<li class=\"product type-product post-7452 status-publish first instock product_cat-amistad product_cat-tazas has-post-thumbnail shipping-taxable purchasable product-type-simple\">\n\t<div class=\"product-content\"><a href=\"https:\/\/www.emosi.pe\/?product=taza-girl-power\" class=\"woocommerce-LoopProduct-link woocommerce-loop-product__link\"><div class=\"yith-proteo-product-loop-image\"><img loading=\"lazy\" decoding=\"async\" width=\"362\" height=\"503\" src=\"https:\/\/www.emosi.pe\/wp-content\/uploads\/2023\/12\/Lderecha-Girl-Power-con-Gatita-y-Nombre-362x503.jpg\" class=\"attachment-woocommerce_thumbnail size-woocommerce_thumbnail\" alt=\"Taza Girl Power\" \/><\/div><h2 class=\"woocommerce-loop-product__title\">Taza Girl Power<\/h2>\n\t<span class=\"price\"><span class=\"woocommerce-Price-amount amount\"><bdi><span class=\"woocommerce-Price-currencySymbol\">S\/<\/span>&nbsp;25.00<\/bdi><\/span><\/span>\n<\/a><a href=\"\/index.php?rest_route=%2Fwp%2Fv2%2Fpages%2F701&#038;add-to-cart=7452\" aria-describedby=\"woocommerce_loop_add_to_cart_link_describedby_7452\" data-quantity=\"1\" class=\"button product_type_simple add_to_cart_button ajax_add_to_cart unstyled-button\" data-product_id=\"7452\" data-product_sku=\"100002\" aria-label=\"A\u00f1adir al carrito: &ldquo;Taza Girl Power&rdquo;\" rel=\"nofollow\" data-success_message=\"\u00abTaza Girl Power\u00bb se ha a\u00f1adido a tu carrito\" role=\"button\">A\u00f1adir al carrito<\/a>\t<span id=\"woocommerce_loop_add_to_cart_link_describedby_7452\" class=\"screen-reader-text\">\n\t\t\t<\/span>\n<\/div><\/li>\n<li class=\"product type-product post-7447 status-publish instock product_cat-amistad product_cat-tazas has-post-thumbnail shipping-taxable purchasable product-type-simple\">\n\t<div class=\"product-content\"><a href=\"https:\/\/www.emosi.pe\/?product=taza-para-la-mejor-amiga\" class=\"woocommerce-LoopProduct-link woocommerce-loop-product__link\"><div class=\"yith-proteo-product-loop-image\"><img loading=\"lazy\" decoding=\"async\" width=\"362\" height=\"503\" src=\"https:\/\/www.emosi.pe\/wp-content\/uploads\/2023\/12\/Lderecha-Para-la-mejor-amiga-del-mundo-tostada-y-jugo-362x503.jpg\" class=\"attachment-woocommerce_thumbnail size-woocommerce_thumbnail\" alt=\"Taza para la mejor amiga\" \/><\/div><h2 class=\"woocommerce-loop-product__title\">Taza para la mejor amiga<\/h2>\n\t<span class=\"price\"><span class=\"woocommerce-Price-amount amount\"><bdi><span class=\"woocommerce-Price-currencySymbol\">S\/<\/span>&nbsp;25.00<\/bdi><\/span><\/span>\n<\/a><a href=\"\/index.php?rest_route=%2Fwp%2Fv2%2Fpages%2F701&#038;add-to-cart=7447\" aria-describedby=\"woocommerce_loop_add_to_cart_link_describedby_7447\" data-quantity=\"1\" class=\"button product_type_simple add_to_cart_button ajax_add_to_cart unstyled-button\" data-product_id=\"7447\" data-product_sku=\"100001\" aria-label=\"A\u00f1adir al carrito: &ldquo;Taza para la mejor amiga&rdquo;\" rel=\"nofollow\" data-success_message=\"\u00abTaza para la mejor amiga\u00bb se ha a\u00f1adido a tu carrito\" role=\"button\">A\u00f1adir al carrito<\/a>\t<span id=\"woocommerce_loop_add_to_cart_link_describedby_7447\" class=\"screen-reader-text\">\n\t\t\t<\/span>\n<\/div><\/li>\n\t\t   \t\t\t<\/ul>\n\t\t   \t\t<\/div>\n\t\t   <\/div>\n\t\t   <div class=\"ywcps-nav\">\n\t\t\t\t<div id=\"nav_prev_def_free\" class=\"ywcps-nav-prev\"><span id=\"default_prev\"><\/span><\/div>\n\t\t\t\t<div id=\"nav_next_def_free\" class=\"ywcps-nav-next\"><span id=\"default_next\"><\/span><\/div>\n\t\t\t<\/div>\n\t\t<\/div>\n\t\t<div class=\"es-carousel-clear\"><\/div>\t\n\t<\/div>\n\n\t<\/span><\/div>\n\n\n\n<p class=\"wp-block-paragraph\"><\/p>\n<\/div><\/div>\n\n\n\n<div style=\"height:20px\" aria-hidden=\"true\" class=\"wp-block-spacer\"><\/div>\n\n\n\n<div class=\"wp-block-columns has-2-columns is-layout-flex wp-container-core-columns-is-layout-8f761849 wp-block-columns-is-layout-flex\">\n<div class=\"wp-block-column animate-fade-right is-layout-flow wp-block-column-is-layout-flow\" style=\"flex-basis:34%\">\n<div class=\"wp-block-cover is-light wp-duotone-unset-1\" style=\"min-height:492px;aspect-ratio:unset;\"><span aria-hidden=\"true\" class=\"wp-block-cover__background has-background-dim-0 has-background-dim\" style=\"background-color:#f0f0f0\"><\/span><div class=\"wp-block-cover__inner-container is-layout-flow wp-block-cover-is-layout-flow\"><div class=\"wp-block-image wp-block-image size-large\">\n<figure class=\"aligncenter size-full is-resized\"><img loading=\"lazy\" decoding=\"async\" width=\"376\" height=\"467\" src=\"https:\/\/www.emosi.pe\/wp-content\/uploads\/2024\/09\/QR_EMOSI_WSP.png\" alt=\"\" class=\"wp-image-7714\" style=\"width:225px;height:auto\" srcset=\"https:\/\/www.emosi.pe\/wp-content\/uploads\/2024\/09\/QR_EMOSI_WSP.png 376w, https:\/\/www.emosi.pe\/wp-content\/uploads\/2024\/09\/QR_EMOSI_WSP-242x300.png 242w\" sizes=\"auto, (max-width: 376px) 100vw, 376px\" \/><\/figure>\n<\/div>\n\n\n<p class=\"has-text-align-center has-very-dark-gray-color has-text-color wp-block-paragraph\"><\/p>\n\n\n\n<p class=\"has-text-align-center has-very-dark-gray-color has-text-color wp-block-paragraph\" style=\"font-size:42px\"><\/p>\n<\/div><\/div>\n<\/div>\n\n\n\n<div class=\"wp-block-column animate-fade-left is-layout-flow wp-block-column-is-layout-flow\" style=\"flex-basis:66%\">\n<figure class=\"wp-block-image size-large\"><img loading=\"lazy\" decoding=\"async\" width=\"1024\" height=\"507\" src=\"https:\/\/www.emosi.pe\/wp-content\/uploads\/2024\/09\/Inicio_Emosi-1024x507.png\" alt=\"\" class=\"wp-image-7718\" srcset=\"https:\/\/www.emosi.pe\/wp-content\/uploads\/2024\/09\/Inicio_Emosi-1024x507.png 1024w, https:\/\/www.emosi.pe\/wp-content\/uploads\/2024\/09\/Inicio_Emosi-300x150.png 300w, https:\/\/www.emosi.pe\/wp-content\/uploads\/2024\/09\/Inicio_Emosi-768x380.png 768w, https:\/\/www.emosi.pe\/wp-content\/uploads\/2024\/09\/Inicio_Emosi-1536x760.png 1536w, https:\/\/www.emosi.pe\/wp-content\/uploads\/2024\/09\/Inicio_Emosi-2048x1014.png 2048w, https:\/\/www.emosi.pe\/wp-content\/uploads\/2024\/09\/Inicio_Emosi-1920x950.png 1920w, https:\/\/www.emosi.pe\/wp-content\/uploads\/2024\/09\/Inicio_Emosi-812x402.png 812w\" sizes=\"auto, (max-width: 1024px) 100vw, 1024px\" \/><\/figure>\n<\/div>\n<\/div>\n\n\n\n<div style=\"height:50px\" aria-hidden=\"true\" class=\"wp-block-spacer\"><\/div>\n\n\n\n<h2 class=\"wp-block-heading has-text-align-center animate-fade\">Busca nuestras categor\u00edas<\/h2>\n\n\n\n<p class=\"has-text-align-center animate-fade wp-block-paragraph\">Una lista de nuestras categor\u00edas de productos. <\/p>\n\n\n\n<div class=\"wp-block-group animate-fade-up\"><div class=\"wp-block-group__inner-container is-layout-flow wp-block-group-is-layout-flow\"><div class=\"woocommerce columns-4\"><\/div>\n<\/div><\/div>\n","protected":false},"excerpt":{"rendered":"<p>Colecci\u00f3n Verano 23\/24 Descubre las nuevas tendencias de verano e insp\u00edrate con nuestras sugerencias de regalos y emociones. Los mas vendidos Una lista de nuestros productos m\u00e1s vendidos en el \u00faltimo a\u00f1o. Puedes comprarlos todos con un descuento especial del -10% Busca nuestras categor\u00edas Una lista de nuestras categor\u00edas de productos.<\/p>\n","protected":false},"author":1,"featured_media":0,"parent":0,"menu_order":0,"comment_status":"closed","ping_status":"closed","template":"","meta":{"_editorskit_title_hidden":false,"_editorskit_reading_time":0,"_editorskit_is_block_options_detached":false,"_editorskit_block_options_position":"{}","_crdt_document":"","inline_featured_image":false,"footnotes":""},"class_list":["post-701","page","type-page","status-publish","hentry"],"_links":{"self":[{"href":"https:\/\/www.emosi.pe\/index.php?rest_route=\/wp\/v2\/pages\/701","targetHints":{"allow":["GET"]}}],"collection":[{"href":"https:\/\/www.emosi.pe\/index.php?rest_route=\/wp\/v2\/pages"}],"about":[{"href":"https:\/\/www.emosi.pe\/index.php?rest_route=\/wp\/v2\/types\/page"}],"author":[{"embeddable":true,"href":"https:\/\/www.emosi.pe\/index.php?rest_route=\/wp\/v2\/users\/1"}],"replies":[{"embeddable":true,"href":"https:\/\/www.emosi.pe\/index.php?rest_route=%2Fwp%2Fv2%2Fcomments&post=701"}],"version-history":[{"count":27,"href":"https:\/\/www.emosi.pe\/index.php?rest_route=\/wp\/v2\/pages\/701\/revisions"}],"predecessor-version":[{"id":7722,"href":"https:\/\/www.emosi.pe\/index.php?rest_route=\/wp\/v2\/pages\/701\/revisions\/7722"}],"wp:attachment":[{"href":"https:\/\/www.emosi.pe\/index.php?rest_route=%2Fwp%2Fv2%2Fmedia&parent=701"}],"curies":[{"name":"wp","href":"https:\/\/api.w.org\/{rel}","templated":true}]}}